{"id":2146,"date":"2016-01-15T10:38:51","date_gmt":"2016-01-15T09:38:51","guid":{"rendered":"https:\/\/www.hotelmissouri.net\/fr\/parchi.php"},"modified":"2016-02-01T11:40:18","modified_gmt":"2016-02-01T10:40:18","slug":"parcs-d-attractions","status":"publish","type":"page","link":"https:\/\/www.hotelmissouri.net\/fr\/parcs-d-attractions.php","title":{"rendered":"Les Parcs d&rsquo;attractions d&rsquo;Italie"},"content":{"rendered":"","protected":false},"excerpt":{"rendered":"","protected":false},"author":22,"featured_media":0,"parent":0,"menu_order":0,"comment_status":"closed","ping_status":"closed","template":"","meta":{"_acf_changed":false},"class_list":["post-2146","page","type-page","status-publish","hentry"],"acf":[],"yoast_head":"<!-- This site is optimized with the Yoast SEO plugin v26.7 - https:\/\/yoast.com\/wordpress\/plugins\/seo\/ -->\n<title>Les parcs d&#039;attractions,Mirabilandia, p\u00e8tite Italie, Oltremare,Aquafan<\/title>\n<meta name=\"description\" content=\"l&#039;H\u00f4tel missouri 3 \u00e9toiles \u00e0 Bellaria Igea Marina vous offre l&#039;entr\u00e9e gratuite \u00e0 Mirabilandia ,Oltremare, p\u00e8tite Italie\" \/>\n<meta name=\"robots\" content=\"index, follow, max-snippet:-1, max-image-preview:large, max-video-preview:-1\" \/>\n<link rel=\"canonical\" href=\"https:\/\/www.hotelmissouri.net\/fr\/parcs-d-attractions.php\" \/>\n<meta property=\"og:locale\" content=\"fr_FR\" \/>\n<meta property=\"og:type\" content=\"article\" \/>\n<meta property=\"og:title\" content=\"Les parcs d&#039;attractions,Mirabilandia, p\u00e8tite Italie, Oltremare,Aquafan\" \/>\n<meta property=\"og:description\" content=\"l&#039;H\u00f4tel missouri 3 \u00e9toiles \u00e0 Bellaria Igea Marina vous offre l&#039;entr\u00e9e gratuite \u00e0 Mirabilandia ,Oltremare, p\u00e8tite Italie\" \/>\n<meta property=\"og:url\" content=\"https:\/\/www.hotelmissouri.net\/fr\/parcs-d-attractions.php\" \/>\n<meta property=\"og:site_name\" content=\"Hotel Missouri\" \/>\n<meta property=\"article:modified_time\" content=\"2016-02-01T10:40:18+00:00\" \/>\n<meta name=\"twitter:card\" content=\"summary_large_image\" \/>\n<script type=\"application\/ld+json\" class=\"yoast-schema-graph\">{\"@context\":\"https:\/\/schema.org\",\"@graph\":[{\"@type\":\"WebPage\",\"@id\":\"https:\/\/www.hotelmissouri.net\/fr\/parcs-d-attractions.php\",\"url\":\"https:\/\/www.hotelmissouri.net\/fr\/parcs-d-attractions.php\",\"name\":\"Les parcs d'attractions,Mirabilandia, p\u00e8tite Italie, Oltremare,Aquafan\",\"isPartOf\":{\"@id\":\"https:\/\/www.hotelmissouri.net\/#website\"},\"datePublished\":\"2016-01-15T09:38:51+00:00\",\"dateModified\":\"2016-02-01T10:40:18+00:00\",\"description\":\"l'H\u00f4tel missouri 3 \u00e9toiles \u00e0 Bellaria Igea Marina vous offre l'entr\u00e9e gratuite \u00e0 Mirabilandia ,Oltremare, p\u00e8tite Italie\",\"breadcrumb\":{\"@id\":\"https:\/\/www.hotelmissouri.net\/fr\/parcs-d-attractions.php#breadcrumb\"},\"inLanguage\":\"fr-FR\",\"potentialAction\":[{\"@type\":\"ReadAction\",\"target\":[\"https:\/\/www.hotelmissouri.net\/fr\/parcs-d-attractions.php\"]}]},{\"@type\":\"BreadcrumbList\",\"@id\":\"https:\/\/www.hotelmissouri.net\/fr\/parcs-d-attractions.php#breadcrumb\",\"itemListElement\":[{\"@type\":\"ListItem\",\"position\":1,\"name\":\"Home\",\"item\":\"https:\/\/www.hotelmissouri.net\/fr\"},{\"@type\":\"ListItem\",\"position\":2,\"name\":\"Les Parcs d&rsquo;attractions d&rsquo;Italie\"}]},{\"@type\":\"WebSite\",\"@id\":\"https:\/\/www.hotelmissouri.net\/#website\",\"url\":\"https:\/\/www.hotelmissouri.net\/\",\"name\":\"Hotel Missouri\",\"description\":\"Un nuovo sito targato WordPress\",\"potentialAction\":[{\"@type\":\"SearchAction\",\"target\":{\"@type\":\"EntryPoint\",\"urlTemplate\":\"https:\/\/www.hotelmissouri.net\/?s={search_term_string}\"},\"query-input\":{\"@type\":\"PropertyValueSpecification\",\"valueRequired\":true,\"valueName\":\"search_term_string\"}}],\"inLanguage\":\"fr-FR\"}]}<\/script>\n<!-- \/ Yoast SEO plugin. -->","yoast_head_json":{"title":"Les parcs d'attractions,Mirabilandia, p\u00e8tite Italie, Oltremare,Aquafan","description":"l'H\u00f4tel missouri 3 \u00e9toiles \u00e0 Bellaria Igea Marina vous offre l'entr\u00e9e gratuite \u00e0 Mirabilandia ,Oltremare, p\u00e8tite Italie","robots":{"index":"index","follow":"follow","max-snippet":"max-snippet:-1","max-image-preview":"max-image-preview:large","max-video-preview":"max-video-preview:-1"},"canonical":"https:\/\/www.hotelmissouri.net\/fr\/parcs-d-attractions.php","og_locale":"fr_FR","og_type":"article","og_title":"Les parcs d'attractions,Mirabilandia, p\u00e8tite Italie, Oltremare,Aquafan","og_description":"l'H\u00f4tel missouri 3 \u00e9toiles \u00e0 Bellaria Igea Marina vous offre l'entr\u00e9e gratuite \u00e0 Mirabilandia ,Oltremare, p\u00e8tite Italie","og_url":"https:\/\/www.hotelmissouri.net\/fr\/parcs-d-attractions.php","og_site_name":"Hotel Missouri","article_modified_time":"2016-02-01T10:40:18+00:00","twitter_card":"summary_large_image","schema":{"@context":"https:\/\/schema.org","@graph":[{"@type":"WebPage","@id":"https:\/\/www.hotelmissouri.net\/fr\/parcs-d-attractions.php","url":"https:\/\/www.hotelmissouri.net\/fr\/parcs-d-attractions.php","name":"Les parcs d'attractions,Mirabilandia, p\u00e8tite Italie, Oltremare,Aquafan","isPartOf":{"@id":"https:\/\/www.hotelmissouri.net\/#website"},"datePublished":"2016-01-15T09:38:51+00:00","dateModified":"2016-02-01T10:40:18+00:00","description":"l'H\u00f4tel missouri 3 \u00e9toiles \u00e0 Bellaria Igea Marina vous offre l'entr\u00e9e gratuite \u00e0 Mirabilandia ,Oltremare, p\u00e8tite Italie","breadcrumb":{"@id":"https:\/\/www.hotelmissouri.net\/fr\/parcs-d-attractions.php#breadcrumb"},"inLanguage":"fr-FR","potentialAction":[{"@type":"ReadAction","target":["https:\/\/www.hotelmissouri.net\/fr\/parcs-d-attractions.php"]}]},{"@type":"BreadcrumbList","@id":"https:\/\/www.hotelmissouri.net\/fr\/parcs-d-attractions.php#breadcrumb","itemListElement":[{"@type":"ListItem","position":1,"name":"Home","item":"https:\/\/www.hotelmissouri.net\/fr"},{"@type":"ListItem","position":2,"name":"Les Parcs d&rsquo;attractions d&rsquo;Italie"}]},{"@type":"WebSite","@id":"https:\/\/www.hotelmissouri.net\/#website","url":"https:\/\/www.hotelmissouri.net\/","name":"Hotel Missouri","description":"Un nuovo sito targato WordPress","potentialAction":[{"@type":"SearchAction","target":{"@type":"EntryPoint","urlTemplate":"https:\/\/www.hotelmissouri.net\/?s={search_term_string}"},"query-input":{"@type":"PropertyValueSpecification","valueRequired":true,"valueName":"search_term_string"}}],"inLanguage":"fr-FR"}]}},"publishpress_future_action":{"enabled":false,"date":"2026-04-25 16:24:40","action":"change-status","newStatus":"draft","terms":[],"taxonomy":"translation_priority","extraData":[]},"publishpress_future_workflow_manual_trigger":{"enabledWorkflows":[]},"_links":{"self":[{"href":"https:\/\/www.hotelmissouri.net\/fr\/wp-json\/wp\/v2\/pages\/2146","targetHints":{"allow":["GET"]}}],"collection":[{"href":"https:\/\/www.hotelmissouri.net\/fr\/wp-json\/wp\/v2\/pages"}],"about":[{"href":"https:\/\/www.hotelmissouri.net\/fr\/wp-json\/wp\/v2\/types\/page"}],"author":[{"embeddable":true,"href":"https:\/\/www.hotelmissouri.net\/fr\/wp-json\/wp\/v2\/users\/22"}],"replies":[{"embeddable":true,"href":"https:\/\/www.hotelmissouri.net\/fr\/wp-json\/wp\/v2\/comments?post=2146"}],"version-history":[{"count":3,"href":"https:\/\/www.hotelmissouri.net\/fr\/wp-json\/wp\/v2\/pages\/2146\/revisions"}],"predecessor-version":[{"id":2158,"href":"https:\/\/www.hotelmissouri.net\/fr\/wp-json\/wp\/v2\/pages\/2146\/revisions\/2158"}],"wp:attachment":[{"href":"https:\/\/www.hotelmissouri.net\/fr\/wp-json\/wp\/v2\/media?parent=2146"}],"curies":[{"name":"wp","href":"https:\/\/api.w.org\/{rel}","templated":true}]}}