{"id":2143,"date":"2016-01-15T11:12:14","date_gmt":"2016-01-15T10:12:14","guid":{"rendered":"https:\/\/www.hotelmissouri.net\/fr\/entroterra.php"},"modified":"2016-02-01T11:29:10","modified_gmt":"2016-02-01T10:29:10","slug":"les-excursions-italie","status":"publish","type":"page","link":"https:\/\/www.hotelmissouri.net\/fr\/les-excursions-italie.php","title":{"rendered":"Arri\u00e8re pays et excursions en Adriatique"},"content":{"rendered":"","protected":false},"excerpt":{"rendered":"","protected":false},"author":22,"featured_media":0,"parent":0,"menu_order":0,"comment_status":"closed","ping_status":"closed","template":"","meta":{"_acf_changed":false},"class_list":["post-2143","page","type-page","status-publish","hentry"],"acf":[],"yoast_head":"<!-- This site is optimized with the Yoast SEO plugin v26.7 - https:\/\/yoast.com\/wordpress\/plugins\/seo\/ -->\n<title>Hotel Bellaria Igea Marina - Rimini pr\u00eat de San Marino, Ravenna<\/title>\n<meta name=\"description\" content=\"L&#039;H\u00f4tel Missouri c\u00f4te Adriatique vous donnera informations pour rejoindre l&#039;entreterre romagnole, visiter San Marino, San Leo, Gradara et Ravenna et venise\" \/>\n<meta name=\"robots\" content=\"index, follow, max-snippet:-1, max-image-preview:large, max-video-preview:-1\" \/>\n<link rel=\"canonical\" href=\"https:\/\/www.hotelmissouri.net\/fr\/les-excursions-italie.php\" \/>\n<meta property=\"og:locale\" content=\"fr_FR\" \/>\n<meta property=\"og:type\" content=\"article\" \/>\n<meta property=\"og:title\" content=\"Hotel Bellaria Igea Marina - Rimini pr\u00eat de San Marino, Ravenna\" \/>\n<meta property=\"og:description\" content=\"L&#039;H\u00f4tel Missouri c\u00f4te Adriatique vous donnera informations pour rejoindre l&#039;entreterre romagnole, visiter San Marino, San Leo, Gradara et Ravenna et venise\" \/>\n<meta property=\"og:url\" content=\"https:\/\/www.hotelmissouri.net\/fr\/les-excursions-italie.php\" \/>\n<meta property=\"og:site_name\" content=\"Hotel Missouri\" \/>\n<meta property=\"article:modified_time\" content=\"2016-02-01T10:29:10+00:00\" \/>\n<meta name=\"twitter:card\" content=\"summary_large_image\" \/>\n<script type=\"application\/ld+json\" class=\"yoast-schema-graph\">{\"@context\":\"https:\/\/schema.org\",\"@graph\":[{\"@type\":\"WebPage\",\"@id\":\"https:\/\/www.hotelmissouri.net\/fr\/les-excursions-italie.php\",\"url\":\"https:\/\/www.hotelmissouri.net\/fr\/les-excursions-italie.php\",\"name\":\"Hotel Bellaria Igea Marina - Rimini pr\u00eat de San Marino, Ravenna\",\"isPartOf\":{\"@id\":\"https:\/\/www.hotelmissouri.net\/#website\"},\"datePublished\":\"2016-01-15T10:12:14+00:00\",\"dateModified\":\"2016-02-01T10:29:10+00:00\",\"description\":\"L'H\u00f4tel Missouri c\u00f4te Adriatique vous donnera informations pour rejoindre l'entreterre romagnole, visiter San Marino, San Leo, Gradara et Ravenna et venise\",\"breadcrumb\":{\"@id\":\"https:\/\/www.hotelmissouri.net\/fr\/les-excursions-italie.php#breadcrumb\"},\"inLanguage\":\"fr-FR\",\"potentialAction\":[{\"@type\":\"ReadAction\",\"target\":[\"https:\/\/www.hotelmissouri.net\/fr\/les-excursions-italie.php\"]}]},{\"@type\":\"BreadcrumbList\",\"@id\":\"https:\/\/www.hotelmissouri.net\/fr\/les-excursions-italie.php#breadcrumb\",\"itemListElement\":[{\"@type\":\"ListItem\",\"position\":1,\"name\":\"Home\",\"item\":\"https:\/\/www.hotelmissouri.net\/fr\"},{\"@type\":\"ListItem\",\"position\":2,\"name\":\"Arri\u00e8re pays et excursions en Adriatique\"}]},{\"@type\":\"WebSite\",\"@id\":\"https:\/\/www.hotelmissouri.net\/#website\",\"url\":\"https:\/\/www.hotelmissouri.net\/\",\"name\":\"Hotel Missouri\",\"description\":\"Un nuovo sito targato WordPress\",\"potentialAction\":[{\"@type\":\"SearchAction\",\"target\":{\"@type\":\"EntryPoint\",\"urlTemplate\":\"https:\/\/www.hotelmissouri.net\/?s={search_term_string}\"},\"query-input\":{\"@type\":\"PropertyValueSpecification\",\"valueRequired\":true,\"valueName\":\"search_term_string\"}}],\"inLanguage\":\"fr-FR\"}]}<\/script>\n<!-- \/ Yoast SEO plugin. -->","yoast_head_json":{"title":"Hotel Bellaria Igea Marina - Rimini pr\u00eat de San Marino, Ravenna","description":"L'H\u00f4tel Missouri c\u00f4te Adriatique vous donnera informations pour rejoindre l'entreterre romagnole, visiter San Marino, San Leo, Gradara et Ravenna et venise","robots":{"index":"index","follow":"follow","max-snippet":"max-snippet:-1","max-image-preview":"max-image-preview:large","max-video-preview":"max-video-preview:-1"},"canonical":"https:\/\/www.hotelmissouri.net\/fr\/les-excursions-italie.php","og_locale":"fr_FR","og_type":"article","og_title":"Hotel Bellaria Igea Marina - Rimini pr\u00eat de San Marino, Ravenna","og_description":"L'H\u00f4tel Missouri c\u00f4te Adriatique vous donnera informations pour rejoindre l'entreterre romagnole, visiter San Marino, San Leo, Gradara et Ravenna et venise","og_url":"https:\/\/www.hotelmissouri.net\/fr\/les-excursions-italie.php","og_site_name":"Hotel Missouri","article_modified_time":"2016-02-01T10:29:10+00:00","twitter_card":"summary_large_image","schema":{"@context":"https:\/\/schema.org","@graph":[{"@type":"WebPage","@id":"https:\/\/www.hotelmissouri.net\/fr\/les-excursions-italie.php","url":"https:\/\/www.hotelmissouri.net\/fr\/les-excursions-italie.php","name":"Hotel Bellaria Igea Marina - Rimini pr\u00eat de San Marino, Ravenna","isPartOf":{"@id":"https:\/\/www.hotelmissouri.net\/#website"},"datePublished":"2016-01-15T10:12:14+00:00","dateModified":"2016-02-01T10:29:10+00:00","description":"L'H\u00f4tel Missouri c\u00f4te Adriatique vous donnera informations pour rejoindre l'entreterre romagnole, visiter San Marino, San Leo, Gradara et Ravenna et venise","breadcrumb":{"@id":"https:\/\/www.hotelmissouri.net\/fr\/les-excursions-italie.php#breadcrumb"},"inLanguage":"fr-FR","potentialAction":[{"@type":"ReadAction","target":["https:\/\/www.hotelmissouri.net\/fr\/les-excursions-italie.php"]}]},{"@type":"BreadcrumbList","@id":"https:\/\/www.hotelmissouri.net\/fr\/les-excursions-italie.php#breadcrumb","itemListElement":[{"@type":"ListItem","position":1,"name":"Home","item":"https:\/\/www.hotelmissouri.net\/fr"},{"@type":"ListItem","position":2,"name":"Arri\u00e8re pays et excursions en Adriatique"}]},{"@type":"WebSite","@id":"https:\/\/www.hotelmissouri.net\/#website","url":"https:\/\/www.hotelmissouri.net\/","name":"Hotel Missouri","description":"Un nuovo sito targato WordPress","potentialAction":[{"@type":"SearchAction","target":{"@type":"EntryPoint","urlTemplate":"https:\/\/www.hotelmissouri.net\/?s={search_term_string}"},"query-input":{"@type":"PropertyValueSpecification","valueRequired":true,"valueName":"search_term_string"}}],"inLanguage":"fr-FR"}]}},"publishpress_future_action":{"enabled":false,"date":"2026-04-25 16:24:55","action":"change-status","newStatus":"draft","terms":[],"taxonomy":"translation_priority","extraData":[]},"publishpress_future_workflow_manual_trigger":{"enabledWorkflows":[]},"_links":{"self":[{"href":"https:\/\/www.hotelmissouri.net\/fr\/wp-json\/wp\/v2\/pages\/2143","targetHints":{"allow":["GET"]}}],"collection":[{"href":"https:\/\/www.hotelmissouri.net\/fr\/wp-json\/wp\/v2\/pages"}],"about":[{"href":"https:\/\/www.hotelmissouri.net\/fr\/wp-json\/wp\/v2\/types\/page"}],"author":[{"embeddable":true,"href":"https:\/\/www.hotelmissouri.net\/fr\/wp-json\/wp\/v2\/users\/22"}],"replies":[{"embeddable":true,"href":"https:\/\/www.hotelmissouri.net\/fr\/wp-json\/wp\/v2\/comments?post=2143"}],"version-history":[{"count":4,"href":"https:\/\/www.hotelmissouri.net\/fr\/wp-json\/wp\/v2\/pages\/2143\/revisions"}],"predecessor-version":[{"id":2153,"href":"https:\/\/www.hotelmissouri.net\/fr\/wp-json\/wp\/v2\/pages\/2143\/revisions\/2153"}],"wp:attachment":[{"href":"https:\/\/www.hotelmissouri.net\/fr\/wp-json\/wp\/v2\/media?parent=2143"}],"curies":[{"name":"wp","href":"https:\/\/api.w.org\/{rel}","templated":true}]}}