{"id":2319,"date":"2015-12-15T11:29:09","date_gmt":"2015-12-15T10:29:09","guid":{"rendered":"https:\/\/www.hotelmissouri.net\/de\/dovesiamo.php"},"modified":"2019-03-13T16:22:02","modified_gmt":"2019-03-13T15:22:02","slug":"wo-wir-sind","status":"publish","type":"page","link":"https:\/\/www.hotelmissouri.net\/de\/wo-wir-sind.php","title":{"rendered":"Hotel Missouri im Bellaria Igea Marina"},"content":{"rendered":"","protected":false},"excerpt":{"rendered":"","protected":false},"author":22,"featured_media":1427,"parent":0,"menu_order":0,"comment_status":"closed","ping_status":"closed","template":"","meta":{"_acf_changed":false},"class_list":["post-2319","page","type-page","status-publish","has-post-thumbnail","hentry"],"acf":[],"yoast_head":"<!-- This site is optimized with the Yoast SEO plugin v26.7 - https:\/\/yoast.com\/wordpress\/plugins\/seo\/ -->\n<title>Family Hotel in Bellaria Igea Marina Italy in der N\u00e4he vom Strand, adriatischen Riviera<\/title>\n<meta name=\"description\" content=\"Das Hotel Missouri in Bellaria befindet sich in wenigen Gehminuten vom adriatischen Meer entfernt und l\u00e4dt Sie ein mit Ihrer Familie an den wundersch\u00f6nen Str\u00e4nden der adriatischen Riviera Ferien zu verbringen\" \/>\n<meta name=\"robots\" content=\"index, follow, max-snippet:-1, max-image-preview:large, max-video-preview:-1\" \/>\n<link rel=\"canonical\" href=\"https:\/\/www.hotelmissouri.net\/de\/wo-wir-sind.php\" \/>\n<meta property=\"og:locale\" content=\"de_DE\" \/>\n<meta property=\"og:type\" content=\"article\" \/>\n<meta property=\"og:title\" content=\"Family Hotel in Bellaria Igea Marina Italy in der N\u00e4he vom Strand, adriatischen Riviera\" \/>\n<meta property=\"og:description\" content=\"Das Hotel Missouri in Bellaria befindet sich in wenigen Gehminuten vom adriatischen Meer entfernt und l\u00e4dt Sie ein mit Ihrer Familie an den wundersch\u00f6nen Str\u00e4nden der adriatischen Riviera Ferien zu verbringen\" \/>\n<meta property=\"og:url\" content=\"https:\/\/www.hotelmissouri.net\/de\/wo-wir-sind.php\" \/>\n<meta property=\"og:site_name\" content=\"Hotel Missouri\" \/>\n<meta property=\"article:modified_time\" content=\"2019-03-13T15:22:02+00:00\" \/>\n<meta property=\"og:image\" content=\"https:\/\/www.hotelmissouri.net\/wp-content\/uploads\/2015\/12\/spiaggia4.jpg\" \/>\n\t<meta property=\"og:image:width\" content=\"1024\" \/>\n\t<meta property=\"og:image:height\" content=\"600\" \/>\n\t<meta property=\"og:image:type\" content=\"image\/jpeg\" \/>\n<meta name=\"twitter:card\" content=\"summary_large_image\" \/>\n<script type=\"application\/ld+json\" class=\"yoast-schema-graph\">{\"@context\":\"https:\/\/schema.org\",\"@graph\":[{\"@type\":\"WebPage\",\"@id\":\"https:\/\/www.hotelmissouri.net\/de\/wo-wir-sind.php\",\"url\":\"https:\/\/www.hotelmissouri.net\/de\/wo-wir-sind.php\",\"name\":\"Family Hotel in Bellaria Igea Marina Italy in der N\u00e4he vom Strand, adriatischen Riviera\",\"isPartOf\":{\"@id\":\"https:\/\/www.hotelmissouri.net\/#website\"},\"primaryImageOfPage\":{\"@id\":\"https:\/\/www.hotelmissouri.net\/de\/wo-wir-sind.php#primaryimage\"},\"image\":{\"@id\":\"https:\/\/www.hotelmissouri.net\/de\/wo-wir-sind.php#primaryimage\"},\"thumbnailUrl\":\"https:\/\/www.hotelmissouri.net\/wp-content\/uploads\/2015\/12\/spiaggia4.jpg\",\"datePublished\":\"2015-12-15T10:29:09+00:00\",\"dateModified\":\"2019-03-13T15:22:02+00:00\",\"description\":\"Das Hotel Missouri in Bellaria befindet sich in wenigen Gehminuten vom adriatischen Meer entfernt und l\u00e4dt Sie ein mit Ihrer Familie an den wundersch\u00f6nen Str\u00e4nden der adriatischen Riviera Ferien zu verbringen\",\"breadcrumb\":{\"@id\":\"https:\/\/www.hotelmissouri.net\/de\/wo-wir-sind.php#breadcrumb\"},\"inLanguage\":\"de\",\"potentialAction\":[{\"@type\":\"ReadAction\",\"target\":[\"https:\/\/www.hotelmissouri.net\/de\/wo-wir-sind.php\"]}]},{\"@type\":\"ImageObject\",\"inLanguage\":\"de\",\"@id\":\"https:\/\/www.hotelmissouri.net\/de\/wo-wir-sind.php#primaryimage\",\"url\":\"https:\/\/www.hotelmissouri.net\/wp-content\/uploads\/2015\/12\/spiaggia4.jpg\",\"contentUrl\":\"https:\/\/www.hotelmissouri.net\/wp-content\/uploads\/2015\/12\/spiaggia4.jpg\",\"width\":1024,\"height\":600,\"caption\":\"Tanto sole e divertimento nella spiaggia dell'hotel Missouri di Igea Marina\"},{\"@type\":\"BreadcrumbList\",\"@id\":\"https:\/\/www.hotelmissouri.net\/de\/wo-wir-sind.php#breadcrumb\",\"itemListElement\":[{\"@type\":\"ListItem\",\"position\":1,\"name\":\"Home\",\"item\":\"https:\/\/www.hotelmissouri.net\/de\"},{\"@type\":\"ListItem\",\"position\":2,\"name\":\"Hotel Missouri im Bellaria Igea Marina\"}]},{\"@type\":\"WebSite\",\"@id\":\"https:\/\/www.hotelmissouri.net\/#website\",\"url\":\"https:\/\/www.hotelmissouri.net\/\",\"name\":\"Hotel Missouri\",\"description\":\"Un nuovo sito targato WordPress\",\"potentialAction\":[{\"@type\":\"SearchAction\",\"target\":{\"@type\":\"EntryPoint\",\"urlTemplate\":\"https:\/\/www.hotelmissouri.net\/?s={search_term_string}\"},\"query-input\":{\"@type\":\"PropertyValueSpecification\",\"valueRequired\":true,\"valueName\":\"search_term_string\"}}],\"inLanguage\":\"de\"}]}<\/script>\n<!-- \/ Yoast SEO plugin. -->","yoast_head_json":{"title":"Family Hotel in Bellaria Igea Marina Italy in der N\u00e4he vom Strand, adriatischen Riviera","description":"Das Hotel Missouri in Bellaria befindet sich in wenigen Gehminuten vom adriatischen Meer entfernt und l\u00e4dt Sie ein mit Ihrer Familie an den wundersch\u00f6nen Str\u00e4nden der adriatischen Riviera Ferien zu verbringen","robots":{"index":"index","follow":"follow","max-snippet":"max-snippet:-1","max-image-preview":"max-image-preview:large","max-video-preview":"max-video-preview:-1"},"canonical":"https:\/\/www.hotelmissouri.net\/de\/wo-wir-sind.php","og_locale":"de_DE","og_type":"article","og_title":"Family Hotel in Bellaria Igea Marina Italy in der N\u00e4he vom Strand, adriatischen Riviera","og_description":"Das Hotel Missouri in Bellaria befindet sich in wenigen Gehminuten vom adriatischen Meer entfernt und l\u00e4dt Sie ein mit Ihrer Familie an den wundersch\u00f6nen Str\u00e4nden der adriatischen Riviera Ferien zu verbringen","og_url":"https:\/\/www.hotelmissouri.net\/de\/wo-wir-sind.php","og_site_name":"Hotel Missouri","article_modified_time":"2019-03-13T15:22:02+00:00","og_image":[{"width":1024,"height":600,"url":"https:\/\/www.hotelmissouri.net\/wp-content\/uploads\/2015\/12\/spiaggia4.jpg","type":"image\/jpeg"}],"twitter_card":"summary_large_image","schema":{"@context":"https:\/\/schema.org","@graph":[{"@type":"WebPage","@id":"https:\/\/www.hotelmissouri.net\/de\/wo-wir-sind.php","url":"https:\/\/www.hotelmissouri.net\/de\/wo-wir-sind.php","name":"Family Hotel in Bellaria Igea Marina Italy in der N\u00e4he vom Strand, adriatischen Riviera","isPartOf":{"@id":"https:\/\/www.hotelmissouri.net\/#website"},"primaryImageOfPage":{"@id":"https:\/\/www.hotelmissouri.net\/de\/wo-wir-sind.php#primaryimage"},"image":{"@id":"https:\/\/www.hotelmissouri.net\/de\/wo-wir-sind.php#primaryimage"},"thumbnailUrl":"https:\/\/www.hotelmissouri.net\/wp-content\/uploads\/2015\/12\/spiaggia4.jpg","datePublished":"2015-12-15T10:29:09+00:00","dateModified":"2019-03-13T15:22:02+00:00","description":"Das Hotel Missouri in Bellaria befindet sich in wenigen Gehminuten vom adriatischen Meer entfernt und l\u00e4dt Sie ein mit Ihrer Familie an den wundersch\u00f6nen Str\u00e4nden der adriatischen Riviera Ferien zu verbringen","breadcrumb":{"@id":"https:\/\/www.hotelmissouri.net\/de\/wo-wir-sind.php#breadcrumb"},"inLanguage":"de","potentialAction":[{"@type":"ReadAction","target":["https:\/\/www.hotelmissouri.net\/de\/wo-wir-sind.php"]}]},{"@type":"ImageObject","inLanguage":"de","@id":"https:\/\/www.hotelmissouri.net\/de\/wo-wir-sind.php#primaryimage","url":"https:\/\/www.hotelmissouri.net\/wp-content\/uploads\/2015\/12\/spiaggia4.jpg","contentUrl":"https:\/\/www.hotelmissouri.net\/wp-content\/uploads\/2015\/12\/spiaggia4.jpg","width":1024,"height":600,"caption":"Tanto sole e divertimento nella spiaggia dell'hotel Missouri di Igea Marina"},{"@type":"BreadcrumbList","@id":"https:\/\/www.hotelmissouri.net\/de\/wo-wir-sind.php#breadcrumb","itemListElement":[{"@type":"ListItem","position":1,"name":"Home","item":"https:\/\/www.hotelmissouri.net\/de"},{"@type":"ListItem","position":2,"name":"Hotel Missouri im Bellaria Igea Marina"}]},{"@type":"WebSite","@id":"https:\/\/www.hotelmissouri.net\/#website","url":"https:\/\/www.hotelmissouri.net\/","name":"Hotel Missouri","description":"Un nuovo sito targato WordPress","potentialAction":[{"@type":"SearchAction","target":{"@type":"EntryPoint","urlTemplate":"https:\/\/www.hotelmissouri.net\/?s={search_term_string}"},"query-input":{"@type":"PropertyValueSpecification","valueRequired":true,"valueName":"search_term_string"}}],"inLanguage":"de"}]}},"publishpress_future_action":{"enabled":false,"date":"2026-04-25 19:36:41","action":"change-status","newStatus":"draft","terms":[],"taxonomy":"translation_priority","extraData":[]},"publishpress_future_workflow_manual_trigger":{"enabledWorkflows":[]},"_links":{"self":[{"href":"https:\/\/www.hotelmissouri.net\/de\/wp-json\/wp\/v2\/pages\/2319","targetHints":{"allow":["GET"]}}],"collection":[{"href":"https:\/\/www.hotelmissouri.net\/de\/wp-json\/wp\/v2\/pages"}],"about":[{"href":"https:\/\/www.hotelmissouri.net\/de\/wp-json\/wp\/v2\/types\/page"}],"author":[{"embeddable":true,"href":"https:\/\/www.hotelmissouri.net\/de\/wp-json\/wp\/v2\/users\/22"}],"replies":[{"embeddable":true,"href":"https:\/\/www.hotelmissouri.net\/de\/wp-json\/wp\/v2\/comments?post=2319"}],"version-history":[{"count":5,"href":"https:\/\/www.hotelmissouri.net\/de\/wp-json\/wp\/v2\/pages\/2319\/revisions"}],"predecessor-version":[{"id":3085,"href":"https:\/\/www.hotelmissouri.net\/de\/wp-json\/wp\/v2\/pages\/2319\/revisions\/3085"}],"wp:featuredmedia":[{"embeddable":true,"href":"https:\/\/www.hotelmissouri.net\/de\/wp-json\/wp\/v2\/media\/1427"}],"wp:attachment":[{"href":"https:\/\/www.hotelmissouri.net\/de\/wp-json\/wp\/v2\/media?parent=2319"}],"curies":[{"name":"wp","href":"https:\/\/api.w.org\/{rel}","templated":true}]}}