{"id":2318,"date":"2016-01-04T14:43:59","date_gmt":"2016-01-04T13:43:59","guid":{"rendered":"https:\/\/www.hotelmissouri.net\/de\/cucina.php"},"modified":"2016-03-11T10:14:11","modified_gmt":"2016-03-11T09:14:11","slug":"kuche","status":"publish","type":"page","link":"https:\/\/www.hotelmissouri.net\/de\/kuche.php","title":{"rendered":"exzellente K\u00fcche"},"content":{"rendered":"","protected":false},"excerpt":{"rendered":"","protected":false},"author":22,"featured_media":0,"parent":0,"menu_order":0,"comment_status":"closed","ping_status":"closed","template":"","meta":{"_acf_changed":false},"class_list":["post-2318","page","type-page","status-publish","hentry"],"acf":[],"yoast_head":"<!-- This site is optimized with the Yoast SEO plugin v26.7 - https:\/\/yoast.com\/wordpress\/plugins\/seo\/ -->\n<title>Typisch Italienische Kuche nat\u00fcrliche K\u00fcche, biologische Zutaten<\/title>\n<meta name=\"description\" content=\"Typisch romagnolische K\u00fcche enth\u00e4lt frische Zutaten aus erstklassiger Qualit\u00e4t, grosse Auswahl aus 3 verschiedenen Menus aus Fleisch, Fisch und Gem\u00fcse\" \/>\n<meta name=\"robots\" content=\"index, follow, max-snippet:-1, max-image-preview:large, max-video-preview:-1\" \/>\n<link rel=\"canonical\" href=\"https:\/\/www.hotelmissouri.net\/de\/kuche.php\" \/>\n<meta property=\"og:locale\" content=\"de_DE\" \/>\n<meta property=\"og:type\" content=\"article\" \/>\n<meta property=\"og:title\" content=\"Typisch Italienische Kuche nat\u00fcrliche K\u00fcche, biologische Zutaten\" \/>\n<meta property=\"og:description\" content=\"Typisch romagnolische K\u00fcche enth\u00e4lt frische Zutaten aus erstklassiger Qualit\u00e4t, grosse Auswahl aus 3 verschiedenen Menus aus Fleisch, Fisch und Gem\u00fcse\" \/>\n<meta property=\"og:url\" content=\"https:\/\/www.hotelmissouri.net\/de\/kuche.php\" \/>\n<meta property=\"og:site_name\" content=\"Hotel Missouri\" \/>\n<meta property=\"article:modified_time\" content=\"2016-03-11T09:14:11+00:00\" \/>\n<meta name=\"twitter:card\" content=\"summary_large_image\" \/>\n<script type=\"application\/ld+json\" class=\"yoast-schema-graph\">{\"@context\":\"https:\/\/schema.org\",\"@graph\":[{\"@type\":\"WebPage\",\"@id\":\"https:\/\/www.hotelmissouri.net\/de\/kuche.php\",\"url\":\"https:\/\/www.hotelmissouri.net\/de\/kuche.php\",\"name\":\"Typisch Italienische Kuche nat\u00fcrliche K\u00fcche, biologische Zutaten\",\"isPartOf\":{\"@id\":\"https:\/\/www.hotelmissouri.net\/#website\"},\"datePublished\":\"2016-01-04T13:43:59+00:00\",\"dateModified\":\"2016-03-11T09:14:11+00:00\",\"description\":\"Typisch romagnolische K\u00fcche enth\u00e4lt frische Zutaten aus erstklassiger Qualit\u00e4t, grosse Auswahl aus 3 verschiedenen Menus aus Fleisch, Fisch und Gem\u00fcse\",\"breadcrumb\":{\"@id\":\"https:\/\/www.hotelmissouri.net\/de\/kuche.php#breadcrumb\"},\"inLanguage\":\"de\",\"potentialAction\":[{\"@type\":\"ReadAction\",\"target\":[\"https:\/\/www.hotelmissouri.net\/de\/kuche.php\"]}]},{\"@type\":\"BreadcrumbList\",\"@id\":\"https:\/\/www.hotelmissouri.net\/de\/kuche.php#breadcrumb\",\"itemListElement\":[{\"@type\":\"ListItem\",\"position\":1,\"name\":\"Home\",\"item\":\"https:\/\/www.hotelmissouri.net\/de\"},{\"@type\":\"ListItem\",\"position\":2,\"name\":\"exzellente K\u00fcche\"}]},{\"@type\":\"WebSite\",\"@id\":\"https:\/\/www.hotelmissouri.net\/#website\",\"url\":\"https:\/\/www.hotelmissouri.net\/\",\"name\":\"Hotel Missouri\",\"description\":\"Un nuovo sito targato WordPress\",\"potentialAction\":[{\"@type\":\"SearchAction\",\"target\":{\"@type\":\"EntryPoint\",\"urlTemplate\":\"https:\/\/www.hotelmissouri.net\/?s={search_term_string}\"},\"query-input\":{\"@type\":\"PropertyValueSpecification\",\"valueRequired\":true,\"valueName\":\"search_term_string\"}}],\"inLanguage\":\"de\"}]}<\/script>\n<!-- \/ Yoast SEO plugin. -->","yoast_head_json":{"title":"Typisch Italienische Kuche nat\u00fcrliche K\u00fcche, biologische Zutaten","description":"Typisch romagnolische K\u00fcche enth\u00e4lt frische Zutaten aus erstklassiger Qualit\u00e4t, grosse Auswahl aus 3 verschiedenen Menus aus Fleisch, Fisch und Gem\u00fcse","robots":{"index":"index","follow":"follow","max-snippet":"max-snippet:-1","max-image-preview":"max-image-preview:large","max-video-preview":"max-video-preview:-1"},"canonical":"https:\/\/www.hotelmissouri.net\/de\/kuche.php","og_locale":"de_DE","og_type":"article","og_title":"Typisch Italienische Kuche nat\u00fcrliche K\u00fcche, biologische Zutaten","og_description":"Typisch romagnolische K\u00fcche enth\u00e4lt frische Zutaten aus erstklassiger Qualit\u00e4t, grosse Auswahl aus 3 verschiedenen Menus aus Fleisch, Fisch und Gem\u00fcse","og_url":"https:\/\/www.hotelmissouri.net\/de\/kuche.php","og_site_name":"Hotel Missouri","article_modified_time":"2016-03-11T09:14:11+00:00","twitter_card":"summary_large_image","schema":{"@context":"https:\/\/schema.org","@graph":[{"@type":"WebPage","@id":"https:\/\/www.hotelmissouri.net\/de\/kuche.php","url":"https:\/\/www.hotelmissouri.net\/de\/kuche.php","name":"Typisch Italienische Kuche nat\u00fcrliche K\u00fcche, biologische Zutaten","isPartOf":{"@id":"https:\/\/www.hotelmissouri.net\/#website"},"datePublished":"2016-01-04T13:43:59+00:00","dateModified":"2016-03-11T09:14:11+00:00","description":"Typisch romagnolische K\u00fcche enth\u00e4lt frische Zutaten aus erstklassiger Qualit\u00e4t, grosse Auswahl aus 3 verschiedenen Menus aus Fleisch, Fisch und Gem\u00fcse","breadcrumb":{"@id":"https:\/\/www.hotelmissouri.net\/de\/kuche.php#breadcrumb"},"inLanguage":"de","potentialAction":[{"@type":"ReadAction","target":["https:\/\/www.hotelmissouri.net\/de\/kuche.php"]}]},{"@type":"BreadcrumbList","@id":"https:\/\/www.hotelmissouri.net\/de\/kuche.php#breadcrumb","itemListElement":[{"@type":"ListItem","position":1,"name":"Home","item":"https:\/\/www.hotelmissouri.net\/de"},{"@type":"ListItem","position":2,"name":"exzellente K\u00fcche"}]},{"@type":"WebSite","@id":"https:\/\/www.hotelmissouri.net\/#website","url":"https:\/\/www.hotelmissouri.net\/","name":"Hotel Missouri","description":"Un nuovo sito targato WordPress","potentialAction":[{"@type":"SearchAction","target":{"@type":"EntryPoint","urlTemplate":"https:\/\/www.hotelmissouri.net\/?s={search_term_string}"},"query-input":{"@type":"PropertyValueSpecification","valueRequired":true,"valueName":"search_term_string"}}],"inLanguage":"de"}]}},"publishpress_future_action":{"enabled":false,"date":"2026-04-25 19:37:22","action":"change-status","newStatus":"draft","terms":[],"taxonomy":"translation_priority","extraData":[]},"publishpress_future_workflow_manual_trigger":{"enabledWorkflows":[]},"_links":{"self":[{"href":"https:\/\/www.hotelmissouri.net\/de\/wp-json\/wp\/v2\/pages\/2318","targetHints":{"allow":["GET"]}}],"collection":[{"href":"https:\/\/www.hotelmissouri.net\/de\/wp-json\/wp\/v2\/pages"}],"about":[{"href":"https:\/\/www.hotelmissouri.net\/de\/wp-json\/wp\/v2\/types\/page"}],"author":[{"embeddable":true,"href":"https:\/\/www.hotelmissouri.net\/de\/wp-json\/wp\/v2\/users\/22"}],"replies":[{"embeddable":true,"href":"https:\/\/www.hotelmissouri.net\/de\/wp-json\/wp\/v2\/comments?post=2318"}],"version-history":[{"count":5,"href":"https:\/\/www.hotelmissouri.net\/de\/wp-json\/wp\/v2\/pages\/2318\/revisions"}],"predecessor-version":[{"id":2365,"href":"https:\/\/www.hotelmissouri.net\/de\/wp-json\/wp\/v2\/pages\/2318\/revisions\/2365"}],"wp:attachment":[{"href":"https:\/\/www.hotelmissouri.net\/de\/wp-json\/wp\/v2\/media?parent=2318"}],"curies":[{"name":"wp","href":"https:\/\/api.w.org\/{rel}","templated":true}]}}